{"id":173,"date":"2018-08-24T07:28:53","date_gmt":"2018-08-24T07:28:53","guid":{"rendered":"https:\/\/toukiela.com\/?page_id=173"},"modified":"2023-10-10T14:46:30","modified_gmt":"2023-10-10T12:46:30","slug":"mentions-legales","status":"publish","type":"page","link":"https:\/\/toukiela.com\/fr_be\/mentions-legales\/","title":{"rendered":"MENTIONS L\u00c9GALES"},"content":{"rendered":"<div>En vertu de l\u2019article 6 de la loi n\u00b0 2004-575 du 21 juin 2004 pour la confiance dans l\u2019\u00e9conomie num\u00e9rique, il est pr\u00e9cis\u00e9 aux utilisateurs du site toukiela.com l\u2019identit\u00e9 des diff\u00e9rents intervenants dans le cadre de sa r\u00e9alisation et de son suivi :<\/div>\n<div>\n<h2 id=\"titre-2\">Editeur du Site<\/h2>\n<p>En vertu de l\u2019article 6 de la loi n\u00b0 2004-575 du 21 juin 2004 pour la confiance dans l\u2019\u00e9conomie num\u00e9rique, il est pr\u00e9cis\u00e9 aux utilisateurs du site l\u2019identit\u00e9 des diff\u00e9rents intervenants dans le cadre de sa r\u00e9alisation et de son suivi :<\/p>\n<p>Le site est \u00e9dit\u00e9 par la soci\u00e9t\u00e9 DMG SAS. DMG SAS est immatricul\u00e9e au RCS de Montpellier sous le SIRET 84871148700019.<\/p>\n<p>Si\u00e8ge social : 73 ALL KLEBER, Montpellier, France.<\/p>\n<h2 id=\"titre-3\">Directeur de la publication<\/h2>\n<p>Le directeur de la publication du Site est DMG SAS T\u00e9l\u00e9phone : 07 69 24 71 38<\/p>\n<\/div>\n<h3>HEBERGEUR<\/h3>\n<p>O2SWITCH 222-224 Boulevard Gustave Flaubert<br>\n63000 Clermont-Ferrand<br>\nRCS : Clermont-Ferrand \u2013 SIRET : 510 909 80700016 \u2013 TVA : FR35510909807<\/p>\n<h3>RESPONSABLE DE LA PUBLICATION<\/h3>\n<p>Le webmaster peut \u00eatre contact\u00e9 \u00e0 l\u2019adresse : <strong>admin \u00ab\u00a0arob-AZE\u00a0\u00bb toukiela point com\u00a0<\/strong><a href=\"https:\/\/toukiela.com\/fr_be\/contact\/\">ou via ce formulaire<\/a><\/p>\n<h3>PARTENAIRE DU PROGRAMME AMAZON<\/h3>\n<p>Ce site participe au Programme Partenaires d\u2019Amazon EU, un programme d\u2019affiliation con\u00e7u pour permettre \u00e0 des sites de percevoir une r\u00e9mun\u00e9ration gr\u00e2ce \u00e0 la cr\u00e9ation de liens vers Amazon.fr.<\/p>\n<h3>COOKIES ET DONN\u00c9ES<\/h3>\n<p>L\u2019utilisateur est inform\u00e9 que, lors de ses visites sur le site, un cookie peut s\u2019installer automatiquement sur son logiciel de navigation. Le cookie est un bloc de donn\u00e9es qui ne permet pas d\u2019identifier l\u2019utilisateur mais sert \u00e0 enregistrer des informations relatives \u00e0 la navigation de celui-ci sur le site. Les cookies peuvent \u00eatre utilis\u00e9s pour faciliter l\u2019acc\u00e8s des utilisateurs \u00e0 leurs comptes ainsi que pour afficher des bandeaux publicitaires et des offres par email adapt\u00e9s \u00e0 leur mani\u00e8re de naviguer sur internet.<\/p>\n<p>Des cookies de la r\u00e9gie publicitaire Awin.com sont d\u00e9pos\u00e9s sur votre navigateur permettant de mesurer les ventes g\u00e9n\u00e9r\u00e9es post clic sur ce site. Pour refuser, contactez-nous via le formulaire de contact. En accord avec la RGPD.<\/p>\n<h3>PHOTOS<\/h3>\n<p>Cr\u00e9dits photos :<\/p>\n<p>Unsplash \/ Pixabay \/ Flickr<\/p>","protected":false},"excerpt":{"rendered":"","protected":false},"author":1,"featured_media":5330,"parent":0,"menu_order":0,"comment_status":"closed","ping_status":"closed","template":"","meta":{"_seopress_robots_primary_cat":"","_seopress_titles_title":"","_seopress_titles_desc":"","_seopress_robots_index":"yes","footnotes":""},"class_list":["post-173","page","type-page","status-publish","has-post-thumbnail"],"_links":{"self":[{"href":"https:\/\/toukiela.com\/fr_be\/wp-json\/wp\/v2\/pages\/173","targetHints":{"allow":["GET"]}}],"collection":[{"href":"https:\/\/toukiela.com\/fr_be\/wp-json\/wp\/v2\/pages"}],"about":[{"href":"https:\/\/toukiela.com\/fr_be\/wp-json\/wp\/v2\/types\/page"}],"author":[{"embeddable":true,"href":"https:\/\/toukiela.com\/fr_be\/wp-json\/wp\/v2\/users\/1"}],"replies":[{"embeddable":true,"href":"https:\/\/toukiela.com\/fr_be\/wp-json\/wp\/v2\/comments?post=173"}],"version-history":[{"count":1,"href":"https:\/\/toukiela.com\/fr_be\/wp-json\/wp\/v2\/pages\/173\/revisions"}],"predecessor-version":[{"id":6694,"href":"https:\/\/toukiela.com\/fr_be\/wp-json\/wp\/v2\/pages\/173\/revisions\/6694"}],"wp:featuredmedia":[{"embeddable":true,"href":"https:\/\/toukiela.com\/fr_be\/wp-json\/wp\/v2\/media\/5330"}],"wp:attachment":[{"href":"https:\/\/toukiela.com\/fr_be\/wp-json\/wp\/v2\/media?parent=173"}],"curies":[{"name":"wp","href":"https:\/\/api.w.org\/{rel}","templated":true}]}}