{"id":173,"date":"2018-08-24T07:28:53","date_gmt":"2018-08-24T07:28:53","guid":{"rendered":"https:\/\/toukiela.com\/?page_id=173"},"modified":"2023-10-10T14:46:30","modified_gmt":"2023-10-10T12:46:30","slug":"mentions-legales","status":"publish","type":"page","link":"https:\/\/toukiela.com\/es\/endosos\/","title":{"rendered":"AVISOS LEGALES"},"content":{"rendered":"<div>De conformidad con el art\u00edculo 6 de la Ley n\u00ba 2004-575 de 21 de junio de 2004 sobre la confianza en la econom\u00eda digital, se informa a los usuarios del sitio web toukiela.com de la identidad de las distintas partes que participan en su creaci\u00f3n y seguimiento:<\/div>\n<div>\n<h2 id=\"titre-2\">Editeur du Site<\/h2>\n<p>En vertu de l\u2019article 6 de la loi n\u00b0 2004-575 du 21 juin 2004 pour la confiance dans l\u2019\u00e9conomie num\u00e9rique, il est pr\u00e9cis\u00e9 aux utilisateurs du site l\u2019identit\u00e9 des diff\u00e9rents intervenants dans le cadre de sa r\u00e9alisation et de son suivi :<\/p>\n<p>Le site est \u00e9dit\u00e9 par la soci\u00e9t\u00e9 DMG SAS. DMG SAS est immatricul\u00e9e au RCS de Montpellier sous le SIRET 84871148700019.<\/p>\n<p>Si\u00e8ge social : 73 ALL KLEBER, Montpellier, France.<\/p>\n<h2 id=\"titre-3\">Directeur de la publication<\/h2>\n<p>Le directeur de la publication du Site est DMG SAS T\u00e9l\u00e9phone : 07 69 24 71 38<\/p>\n<\/div>\n<h3>EMBEDDERS<\/h3>\n<p>O2SWITCH 222-224 Boulevard Gustave Flaubert<br>\n63000 Clermont-Ferrand<br>\nRCS : Clermont-Ferrand - SIRET : 510 909 80700016 - IVA : FR35510909807<\/p>\n<h3>RESPONSABLE DE LA PUBLICACI\u00d3N<\/h3>\n<p>El webmaster puede ser contactado en <strong>admin \" arob-AZE \" toukiela punto com\u00a0<\/strong><a href=\"https:\/\/toukiela.com\/es\/contacte-con\/\">o a trav\u00e9s de este formulario<\/a><\/p>\n<h3>SOCIO DEL PROGRAMA AMAZON<\/h3>\n<p>Este sitio participa en el Programa de Socios de la UE de Amazon, un programa de afiliaci\u00f3n dise\u00f1ado para permitir que los sitios ganen dinero mediante enlaces a Amazon.es.<\/p>\n<h3>COOKIES Y DATOS<\/h3>\n<p>Se informa al usuario de que, durante sus visitas al sitio, puede instalarse autom\u00e1ticamente una cookie en su navegador. Una cookie es un bloque de datos que no permite identificar al usuario, pero que se utiliza para registrar informaci\u00f3n relativa a la navegaci\u00f3n del usuario en el sitio. Las cookies pueden utilizarse para facilitar el acceso de los usuarios a sus cuentas y para mostrar banners publicitarios y ofertas por correo electr\u00f3nico adaptadas a su forma de navegar por Internet.<\/p>\n<p>Las cookies de la agencia de publicidad Awin.com se depositan en su navegador para medir las ventas generadas tras hacer clic en este sitio. Para rechazarlo, p\u00f3ngase en contacto con nosotros a trav\u00e9s del formulario de contacto. De acuerdo con el RGPD.<\/p>\n<h3>FOTOS<\/h3>\n<p>Cr\u00e9ditos de las fotos :<\/p>\n<p>Unsplash \/ Pixabay \/ Flickr<\/p>","protected":false},"excerpt":{"rendered":"","protected":false},"author":1,"featured_media":5330,"parent":0,"menu_order":0,"comment_status":"closed","ping_status":"closed","template":"","meta":{"_seopress_robots_primary_cat":"","_seopress_titles_title":"","_seopress_titles_desc":"","_seopress_robots_index":"yes","footnotes":""},"class_list":["post-173","page","type-page","status-publish","has-post-thumbnail"],"_links":{"self":[{"href":"https:\/\/toukiela.com\/es\/wp-json\/wp\/v2\/pages\/173","targetHints":{"allow":["GET"]}}],"collection":[{"href":"https:\/\/toukiela.com\/es\/wp-json\/wp\/v2\/pages"}],"about":[{"href":"https:\/\/toukiela.com\/es\/wp-json\/wp\/v2\/types\/page"}],"author":[{"embeddable":true,"href":"https:\/\/toukiela.com\/es\/wp-json\/wp\/v2\/users\/1"}],"replies":[{"embeddable":true,"href":"https:\/\/toukiela.com\/es\/wp-json\/wp\/v2\/comments?post=173"}],"version-history":[{"count":1,"href":"https:\/\/toukiela.com\/es\/wp-json\/wp\/v2\/pages\/173\/revisions"}],"predecessor-version":[{"id":6694,"href":"https:\/\/toukiela.com\/es\/wp-json\/wp\/v2\/pages\/173\/revisions\/6694"}],"wp:featuredmedia":[{"embeddable":true,"href":"https:\/\/toukiela.com\/es\/wp-json\/wp\/v2\/media\/5330"}],"wp:attachment":[{"href":"https:\/\/toukiela.com\/es\/wp-json\/wp\/v2\/media?parent=173"}],"curies":[{"name":"wp","href":"https:\/\/api.w.org\/{rel}","templated":true}]}}