{"id":173,"date":"2018-08-24T07:28:53","date_gmt":"2018-08-24T07:28:53","guid":{"rendered":"https:\/\/toukiela.com\/?page_id=173"},"modified":"2023-10-10T14:46:30","modified_gmt":"2023-10-10T12:46:30","slug":"mentions-legales","status":"publish","type":"page","link":"https:\/\/toukiela.com\/en\/endorsements\/","title":{"rendered":"LEGAL NOTICES"},"content":{"rendered":"<div>Under Article 6 of Law No. 2004-575 of June 21, 2004 for confidence in the digital economy, it is specified to users of the site toukiela.com the identity of various stakeholders in the context of its implementation and monitoring:<\/div>\n<div>\n<h2 id=\"titre-2\">Editeur du Site<\/h2>\n<p>En vertu de l\u2019article 6 de la loi n\u00b0 2004-575 du 21 juin 2004 pour la confiance dans l\u2019\u00e9conomie num\u00e9rique, il est pr\u00e9cis\u00e9 aux utilisateurs du site l\u2019identit\u00e9 des diff\u00e9rents intervenants dans le cadre de sa r\u00e9alisation et de son suivi :<\/p>\n<p>Le site est \u00e9dit\u00e9 par la soci\u00e9t\u00e9 DMG SAS. DMG SAS est immatricul\u00e9e au RCS de Montpellier sous le SIRET 84871148700019.<\/p>\n<p>Si\u00e8ge social : 73 ALL KLEBER, Montpellier, France.<\/p>\n<h2 id=\"titre-3\">Directeur de la publication<\/h2>\n<p>Le directeur de la publication du Site est DMG SAS T\u00e9l\u00e9phone : 07 69 24 71 38<\/p>\n<\/div>\n<h3>EMBEDDERS<\/h3>\n<p>O2SWITCH 222-224 Boulevard Gustave Flaubert<br>\n63000 Clermont-Ferrand<br>\nRCS : Clermont-Ferrand - SIRET : 510 909 80700016 - VAT : FR35510909807<\/p>\n<h3>RESPONSIBLE FOR THE PUBLICATION<\/h3>\n<p>The webmaster can be contacted at : <strong>admin \" arob-AZE \" toukiela dot com\u00a0<\/strong><a href=\"https:\/\/toukiela.com\/en\/contact\/\">or via this form<\/a><\/p>\n<h3>AMAZON PROGRAM PARTNER<\/h3>\n<p>This site is a participant in the Amazon EU Partner Program, an affiliate program designed to allow sites to earn money by linking to Amazon.com.<\/p>\n<h3>COOKIES AND DATA<\/h3>\n<p>The user is informed that, during his visits to the site, a cookie may be automatically installed on his browser. A cookie is a block of data that does not allow the user to be identified but is used to record information relating to the user's navigation on the site. Cookies can be used to facilitate users' access to their accounts as well as to display advertising banners and email offers adapted to their way of browsing the Internet.<\/p>\n<p>Cookies from the advertising agency Awin.com are deposited on your browser to measure the sales generated after clicking on this site. To refuse, contact us via the contact form. In accordance with the RGPD.<\/p>\n<h3>PHOTOS<\/h3>\n<p>Photo credits:<\/p>\n<p>Unsplash \/ Pixabay \/ Flickr<\/p>","protected":false},"excerpt":{"rendered":"","protected":false},"author":1,"featured_media":5330,"parent":0,"menu_order":0,"comment_status":"closed","ping_status":"closed","template":"","meta":{"_seopress_robots_primary_cat":"","_seopress_titles_title":"","_seopress_titles_desc":"","_seopress_robots_index":"yes","footnotes":""},"class_list":["post-173","page","type-page","status-publish","has-post-thumbnail"],"_links":{"self":[{"href":"https:\/\/toukiela.com\/en\/wp-json\/wp\/v2\/pages\/173","targetHints":{"allow":["GET"]}}],"collection":[{"href":"https:\/\/toukiela.com\/en\/wp-json\/wp\/v2\/pages"}],"about":[{"href":"https:\/\/toukiela.com\/en\/wp-json\/wp\/v2\/types\/page"}],"author":[{"embeddable":true,"href":"https:\/\/toukiela.com\/en\/wp-json\/wp\/v2\/users\/1"}],"replies":[{"embeddable":true,"href":"https:\/\/toukiela.com\/en\/wp-json\/wp\/v2\/comments?post=173"}],"version-history":[{"count":1,"href":"https:\/\/toukiela.com\/en\/wp-json\/wp\/v2\/pages\/173\/revisions"}],"predecessor-version":[{"id":6694,"href":"https:\/\/toukiela.com\/en\/wp-json\/wp\/v2\/pages\/173\/revisions\/6694"}],"wp:featuredmedia":[{"embeddable":true,"href":"https:\/\/toukiela.com\/en\/wp-json\/wp\/v2\/media\/5330"}],"wp:attachment":[{"href":"https:\/\/toukiela.com\/en\/wp-json\/wp\/v2\/media?parent=173"}],"curies":[{"name":"wp","href":"https:\/\/api.w.org\/{rel}","templated":true}]}}