{"id":173,"date":"2018-08-24T07:28:53","date_gmt":"2018-08-24T07:28:53","guid":{"rendered":"https:\/\/toukiela.com\/?page_id=173"},"modified":"2023-10-10T14:46:30","modified_gmt":"2023-10-10T12:46:30","slug":"mentions-legales","status":"publish","type":"page","link":"https:\/\/toukiela.com\/de\/legale-erwahnungen\/","title":{"rendered":"RECHTLICHE HINWEISE"},"content":{"rendered":"<div>Gem\u00e4\u00df Artikel 6 des Gesetzes Nr. 2004-575 vom 21. Juni 2004 \u00fcber das Vertrauen in die digitale Wirtschaft wird den Nutzern der Website toukiela.com die Identit\u00e4t der verschiedenen Akteure im Rahmen der Erstellung und Betreuung der Website mitgeteilt:<\/div>\n<div>\n<h2 id=\"titre-2\">Editeur du Site<\/h2>\n<p>En vertu de l\u2019article 6 de la loi n\u00b0 2004-575 du 21 juin 2004 pour la confiance dans l\u2019\u00e9conomie num\u00e9rique, il est pr\u00e9cis\u00e9 aux utilisateurs du site l\u2019identit\u00e9 des diff\u00e9rents intervenants dans le cadre de sa r\u00e9alisation et de son suivi :<\/p>\n<p>Le site est \u00e9dit\u00e9 par la soci\u00e9t\u00e9 DMG SAS. DMG SAS est immatricul\u00e9e au RCS de Montpellier sous le SIRET 84871148700019.<\/p>\n<p>Si\u00e8ge social : 73 ALL KLEBER, Montpellier, France.<\/p>\n<h2 id=\"titre-3\">Directeur de la publication<\/h2>\n<p>Le directeur de la publication du Site est DMG SAS T\u00e9l\u00e9phone : 07 69 24 71 38<\/p>\n<\/div>\n<h3>HEBERGEUR<\/h3>\n<p>O2SWITCH 222-224 Boulevard Gustave Flaubert<br>\n63000 Clermont-Ferrand<br>\nRCS : Clermont-Ferrand - SIRET : 510 909 80700016 - TVA : FR35510909807<\/p>\n<h3>VERANTWORTLICHER F\u00dcR DIE VER\u00d6FFENTLICHUNG<\/h3>\n<p>Der Webmaster ist unter folgender Adresse zu erreichen: <strong>admin \" arob-AZE \" toukiela point com\u00a0<\/strong><a href=\"https:\/\/toukiela.com\/de\/kontakt\/\">oder \u00fcber dieses Formular<\/a><\/p>\n<h3>PARTNER DES AMAZON-PROGRAMMS<\/h3>\n<p>Diese Website nimmt am Amazon EU-Partnerprogramm teil, einem Partnerprogramm, das f\u00fcr Websites konzipiert wurde, mittels dessen durch die Platzierung von Links zu Amazon.de Werbekostenerstattung verdient werden kann.<\/p>\n<h3>COOKIES UND DATEN<\/h3>\n<p>Der Nutzer wird dar\u00fcber informiert, dass bei seinen Besuchen auf der Website automatisch ein Cookie auf seiner Navigationssoftware installiert werden kann. Ein Cookie ist ein Datenblock, mit dem der Nutzer nicht identifiziert werden kann, der aber dazu dient, Informationen \u00fcber seine Navigation auf der Website zu speichern. Cookies k\u00f6nnen verwendet werden, um den Nutzern den Zugang zu ihren Konten zu erleichtern sowie um Werbebanner und E-Mail-Angebote anzuzeigen, die auf die Art und Weise, wie die Nutzer im Internet surfen, zugeschnitten sind.<\/p>\n<p>Cookies des Werbevermarkters Awin.com werden in Ihrem Browser abgelegt, um die nach dem Klick auf diese Website generierten Verk\u00e4ufe zu messen. Um dies abzulehnen, kontaktieren Sie uns bitte \u00fcber das Kontaktformular. In \u00dcbereinstimmung mit der DSGVO.<\/p>\n<h3>FOTOS<\/h3>\n<p>Bildnachweis :<\/p>\n<p>Unsplash \/ Pixabay \/ Flickr<\/p>","protected":false},"excerpt":{"rendered":"","protected":false},"author":1,"featured_media":5330,"parent":0,"menu_order":0,"comment_status":"closed","ping_status":"closed","template":"","meta":{"_seopress_robots_primary_cat":"","_seopress_titles_title":"","_seopress_titles_desc":"","_seopress_robots_index":"yes","footnotes":""},"class_list":["post-173","page","type-page","status-publish","has-post-thumbnail"],"_links":{"self":[{"href":"https:\/\/toukiela.com\/de\/wp-json\/wp\/v2\/pages\/173","targetHints":{"allow":["GET"]}}],"collection":[{"href":"https:\/\/toukiela.com\/de\/wp-json\/wp\/v2\/pages"}],"about":[{"href":"https:\/\/toukiela.com\/de\/wp-json\/wp\/v2\/types\/page"}],"author":[{"embeddable":true,"href":"https:\/\/toukiela.com\/de\/wp-json\/wp\/v2\/users\/1"}],"replies":[{"embeddable":true,"href":"https:\/\/toukiela.com\/de\/wp-json\/wp\/v2\/comments?post=173"}],"version-history":[{"count":1,"href":"https:\/\/toukiela.com\/de\/wp-json\/wp\/v2\/pages\/173\/revisions"}],"predecessor-version":[{"id":6694,"href":"https:\/\/toukiela.com\/de\/wp-json\/wp\/v2\/pages\/173\/revisions\/6694"}],"wp:featuredmedia":[{"embeddable":true,"href":"https:\/\/toukiela.com\/de\/wp-json\/wp\/v2\/media\/5330"}],"wp:attachment":[{"href":"https:\/\/toukiela.com\/de\/wp-json\/wp\/v2\/media?parent=173"}],"curies":[{"name":"wp","href":"https:\/\/api.w.org\/{rel}","templated":true}]}}